{"id":3804,"date":"2021-03-29T15:53:56","date_gmt":"2021-03-29T19:53:56","guid":{"rendered":"https:\/\/aquamakina.ca\/?post_type=product&#038;p=3804"},"modified":"2021-03-29T16:02:18","modified_gmt":"2021-03-29T20:02:18","slug":"system-flush-coral-spa","status":"publish","type":"product","link":"http:\/\/15.156.204.92\/en\/boutique\/system-flush-coral-spa\/","title":{"rendered":"System Flush &#8211; Coral Spa"},"content":{"rendered":"<p>D\u00e9graisse et nettoie la tuyauterie des bains \u00e0 remous et des spas. Vous permet d\u2019utiliser de nouveau vos huiles de bain ainsi que vos parfums pr\u00e9f\u00e9r\u00e9s. Ce produit a un pH de 8,3.<\/p>\n","protected":false},"excerpt":{"rendered":"<p>Format : 500 ml<\/p>\n","protected":false},"featured_media":3805,"template":"","meta":[],"product_brand":[],"product_cat":[96,90,31,32],"product_tag":[],"class_list":{"0":"post-3804","1":"product","2":"type-product","3":"status-publish","4":"has-post-thumbnail","6":"product_cat-produits-chimiques","7":"product_cat-produits-de-fermeture","8":"product_cat-produits-chimiques-pour-spa","9":"product_cat-produits-chimiques-specialises-pour-spa","11":"first","12":"instock","13":"taxable","14":"shipping-taxable","15":"purchasable","16":"product-type-simple"},"yoast_head":"<!-- This site is optimized with the Yoast SEO plugin v26.3 - https:\/\/yoast.com\/wordpress\/plugins\/seo\/ -->\n<title>System Flush - Coral Spa | AquaMakina<\/title>\n<meta name=\"robots\" content=\"index, follow, max-snippet:-1, max-image-preview:large, max-video-preview:-1\" \/>\n<link rel=\"canonical\" href=\"https:\/\/aquamakina.ca\/en\/boutique\/system-flush-coral-spa\/\" \/>\n<meta property=\"og:locale\" content=\"en_US\" \/>\n<meta property=\"og:type\" content=\"article\" \/>\n<meta property=\"og:title\" content=\"System Flush - Coral Spa | AquaMakina\" \/>\n<meta property=\"og:description\" content=\"Format : 500 ml\" \/>\n<meta property=\"og:url\" content=\"https:\/\/aquamakina.ca\/en\/boutique\/system-flush-coral-spa\/\" \/>\n<meta property=\"og:site_name\" content=\"AquaMakina\" \/>\n<meta property=\"article:modified_time\" content=\"2021-03-29T20:02:18+00:00\" \/>\n<meta property=\"og:image\" content=\"https:\/\/aquamakina.ca\/wp-content\/uploads\/2021\/03\/48-COWOC50_web-500x500.jpg\" \/>\n\t<meta property=\"og:image:width\" content=\"500\" \/>\n\t<meta property=\"og:image:height\" content=\"500\" \/>\n\t<meta property=\"og:image:type\" content=\"image\/jpeg\" \/>\n<meta name=\"twitter:card\" content=\"summary_large_image\" \/>\n<script type=\"application\/ld+json\" class=\"yoast-schema-graph\">{\"@context\":\"https:\/\/schema.org\",\"@graph\":[{\"@type\":\"WebPage\",\"@id\":\"https:\/\/aquamakina.ca\/en\/boutique\/system-flush-coral-spa\/\",\"url\":\"https:\/\/aquamakina.ca\/en\/boutique\/system-flush-coral-spa\/\",\"name\":\"System Flush - Coral Spa | AquaMakina\",\"isPartOf\":{\"@id\":\"https:\/\/aquamakina.ca\/#website\"},\"primaryImageOfPage\":{\"@id\":\"https:\/\/aquamakina.ca\/en\/boutique\/system-flush-coral-spa\/#primaryimage\"},\"image\":{\"@id\":\"https:\/\/aquamakina.ca\/en\/boutique\/system-flush-coral-spa\/#primaryimage\"},\"thumbnailUrl\":\"http:\/\/15.156.204.92\/wp-content\/uploads\/2021\/03\/48-COWOC50_web-500x500.jpg\",\"datePublished\":\"2021-03-29T19:53:56+00:00\",\"dateModified\":\"2021-03-29T20:02:18+00:00\",\"breadcrumb\":{\"@id\":\"https:\/\/aquamakina.ca\/en\/boutique\/system-flush-coral-spa\/#breadcrumb\"},\"inLanguage\":\"en-US\",\"potentialAction\":[{\"@type\":\"ReadAction\",\"target\":[\"https:\/\/aquamakina.ca\/en\/boutique\/system-flush-coral-spa\/\"]}]},{\"@type\":\"ImageObject\",\"inLanguage\":\"en-US\",\"@id\":\"https:\/\/aquamakina.ca\/en\/boutique\/system-flush-coral-spa\/#primaryimage\",\"url\":\"http:\/\/15.156.204.92\/wp-content\/uploads\/2021\/03\/48-COWOC50_web-500x500.jpg\",\"contentUrl\":\"http:\/\/15.156.204.92\/wp-content\/uploads\/2021\/03\/48-COWOC50_web-500x500.jpg\",\"width\":500,\"height\":500},{\"@type\":\"BreadcrumbList\",\"@id\":\"https:\/\/aquamakina.ca\/en\/boutique\/system-flush-coral-spa\/#breadcrumb\",\"itemListElement\":[{\"@type\":\"ListItem\",\"position\":1,\"name\":\"Home\",\"item\":\"https:\/\/aquamakina.ca\/en\/\"},{\"@type\":\"ListItem\",\"position\":2,\"name\":\"Shop\",\"item\":\"https:\/\/aquamakina.ca\/en\/shop\/\"},{\"@type\":\"ListItem\",\"position\":3,\"name\":\"System Flush &#8211; Coral Spa\"}]},{\"@type\":\"WebSite\",\"@id\":\"https:\/\/aquamakina.ca\/#website\",\"url\":\"https:\/\/aquamakina.ca\/\",\"name\":\"AquaMakina\",\"description\":\"Pool and spa supplies\",\"publisher\":{\"@id\":\"https:\/\/aquamakina.ca\/#organization\"},\"potentialAction\":[{\"@type\":\"SearchAction\",\"target\":{\"@type\":\"EntryPoint\",\"urlTemplate\":\"https:\/\/aquamakina.ca\/?s={search_term_string}\"},\"query-input\":{\"@type\":\"PropertyValueSpecification\",\"valueRequired\":true,\"valueName\":\"search_term_string\"}}],\"inLanguage\":\"en-US\"},{\"@type\":\"Organization\",\"@id\":\"https:\/\/aquamakina.ca\/#organization\",\"name\":\"AquaMakina\",\"url\":\"https:\/\/aquamakina.ca\/\",\"logo\":{\"@type\":\"ImageObject\",\"inLanguage\":\"en-US\",\"@id\":\"https:\/\/aquamakina.ca\/#\/schema\/logo\/image\/\",\"url\":\"http:\/\/15.156.204.92\/wp-content\/uploads\/2018\/04\/cropped-Logo-Aquamakina-340.png\",\"contentUrl\":\"http:\/\/15.156.204.92\/wp-content\/uploads\/2018\/04\/cropped-Logo-Aquamakina-340.png\",\"width\":340,\"height\":63,\"caption\":\"AquaMakina\"},\"image\":{\"@id\":\"https:\/\/aquamakina.ca\/#\/schema\/logo\/image\/\"}}]}<\/script>\n<!-- \/ Yoast SEO plugin. -->","yoast_head_json":{"title":"System Flush - Coral Spa | AquaMakina","robots":{"index":"index","follow":"follow","max-snippet":"max-snippet:-1","max-image-preview":"max-image-preview:large","max-video-preview":"max-video-preview:-1"},"canonical":"https:\/\/aquamakina.ca\/en\/boutique\/system-flush-coral-spa\/","og_locale":"en_US","og_type":"article","og_title":"System Flush - Coral Spa | AquaMakina","og_description":"Format : 500 ml","og_url":"https:\/\/aquamakina.ca\/en\/boutique\/system-flush-coral-spa\/","og_site_name":"AquaMakina","article_modified_time":"2021-03-29T20:02:18+00:00","og_image":[{"width":500,"height":500,"url":"https:\/\/aquamakina.ca\/wp-content\/uploads\/2021\/03\/48-COWOC50_web-500x500.jpg","type":"image\/jpeg"}],"twitter_card":"summary_large_image","schema":{"@context":"https:\/\/schema.org","@graph":[{"@type":"WebPage","@id":"https:\/\/aquamakina.ca\/en\/boutique\/system-flush-coral-spa\/","url":"https:\/\/aquamakina.ca\/en\/boutique\/system-flush-coral-spa\/","name":"System Flush - Coral Spa | AquaMakina","isPartOf":{"@id":"https:\/\/aquamakina.ca\/#website"},"primaryImageOfPage":{"@id":"https:\/\/aquamakina.ca\/en\/boutique\/system-flush-coral-spa\/#primaryimage"},"image":{"@id":"https:\/\/aquamakina.ca\/en\/boutique\/system-flush-coral-spa\/#primaryimage"},"thumbnailUrl":"http:\/\/15.156.204.92\/wp-content\/uploads\/2021\/03\/48-COWOC50_web-500x500.jpg","datePublished":"2021-03-29T19:53:56+00:00","dateModified":"2021-03-29T20:02:18+00:00","breadcrumb":{"@id":"https:\/\/aquamakina.ca\/en\/boutique\/system-flush-coral-spa\/#breadcrumb"},"inLanguage":"en-US","potentialAction":[{"@type":"ReadAction","target":["https:\/\/aquamakina.ca\/en\/boutique\/system-flush-coral-spa\/"]}]},{"@type":"ImageObject","inLanguage":"en-US","@id":"https:\/\/aquamakina.ca\/en\/boutique\/system-flush-coral-spa\/#primaryimage","url":"http:\/\/15.156.204.92\/wp-content\/uploads\/2021\/03\/48-COWOC50_web-500x500.jpg","contentUrl":"http:\/\/15.156.204.92\/wp-content\/uploads\/2021\/03\/48-COWOC50_web-500x500.jpg","width":500,"height":500},{"@type":"BreadcrumbList","@id":"https:\/\/aquamakina.ca\/en\/boutique\/system-flush-coral-spa\/#breadcrumb","itemListElement":[{"@type":"ListItem","position":1,"name":"Home","item":"https:\/\/aquamakina.ca\/en\/"},{"@type":"ListItem","position":2,"name":"Shop","item":"https:\/\/aquamakina.ca\/en\/shop\/"},{"@type":"ListItem","position":3,"name":"System Flush &#8211; Coral Spa"}]},{"@type":"WebSite","@id":"https:\/\/aquamakina.ca\/#website","url":"https:\/\/aquamakina.ca\/","name":"AquaMakina","description":"Pool and spa supplies","publisher":{"@id":"https:\/\/aquamakina.ca\/#organization"},"potentialAction":[{"@type":"SearchAction","target":{"@type":"EntryPoint","urlTemplate":"https:\/\/aquamakina.ca\/?s={search_term_string}"},"query-input":{"@type":"PropertyValueSpecification","valueRequired":true,"valueName":"search_term_string"}}],"inLanguage":"en-US"},{"@type":"Organization","@id":"https:\/\/aquamakina.ca\/#organization","name":"AquaMakina","url":"https:\/\/aquamakina.ca\/","logo":{"@type":"ImageObject","inLanguage":"en-US","@id":"https:\/\/aquamakina.ca\/#\/schema\/logo\/image\/","url":"http:\/\/15.156.204.92\/wp-content\/uploads\/2018\/04\/cropped-Logo-Aquamakina-340.png","contentUrl":"http:\/\/15.156.204.92\/wp-content\/uploads\/2018\/04\/cropped-Logo-Aquamakina-340.png","width":340,"height":63,"caption":"AquaMakina"},"image":{"@id":"https:\/\/aquamakina.ca\/#\/schema\/logo\/image\/"}}]}},"_links":{"self":[{"href":"http:\/\/15.156.204.92\/en\/wp-json\/wp\/v2\/product\/3804","targetHints":{"allow":["GET"]}}],"collection":[{"href":"http:\/\/15.156.204.92\/en\/wp-json\/wp\/v2\/product"}],"about":[{"href":"http:\/\/15.156.204.92\/en\/wp-json\/wp\/v2\/types\/product"}],"wp:featuredmedia":[{"embeddable":true,"href":"http:\/\/15.156.204.92\/en\/wp-json\/wp\/v2\/media\/3805"}],"wp:attachment":[{"href":"http:\/\/15.156.204.92\/en\/wp-json\/wp\/v2\/media?parent=3804"}],"wp:term":[{"taxonomy":"product_brand","embeddable":true,"href":"http:\/\/15.156.204.92\/en\/wp-json\/wp\/v2\/product_brand?post=3804"},{"taxonomy":"product_cat","embeddable":true,"href":"http:\/\/15.156.204.92\/en\/wp-json\/wp\/v2\/product_cat?post=3804"},{"taxonomy":"product_tag","embeddable":true,"href":"http:\/\/15.156.204.92\/en\/wp-json\/wp\/v2\/product_tag?post=3804"}],"curies":[{"name":"wp","href":"https:\/\/api.w.org\/{rel}","templated":true}]}}