{"id":2357,"date":"2018-04-30T13:44:58","date_gmt":"2018-04-30T17:44:59","guid":{"rendered":"https:\/\/aquamakina.ca\/?post_type=product&#038;p=2357"},"modified":"2018-04-30T13:49:01","modified_gmt":"2018-04-30T17:49:01","slug":"ph-plus-spa","status":"publish","type":"product","link":"http:\/\/15.156.204.92\/en\/boutique\/ph-plus-spa\/","title":{"rendered":"pH + for spa (1 kg)"},"content":{"rendered":"<p>Augmente le pH de l&#8217;eau (carbonate de sodium) Pour obtenir le niveau\u00a0appropri\u00e9 (7,4 &#8211; 7,6).R\u00e9duit l&#8217;irritation des yeux et prolonge la vie de l&#8217;\u00e9quipement.<\/p>\n<p>Le pH est un indicateur d\u00e9terminant pour la qualit\u00e9 de l\u2019eau de votre piscine. Le pH, c&#8217;est-\u00e0-dire l\u2019acidit\u00e9 de l\u2019eau, varie en fonction de divers \u00e9l\u00e9ments et ces variations peuvent poser probl\u00e8me. Il convient de souvent v\u00e9rifier le pH et de l\u2019ajuster si besoin.<\/p>\n<p>Qu\u2019est-ce que le pH ?<\/p>\n<p>Le pH, ou potentiel hydrog\u00e8ne, repr\u00e9sente la concentration de l\u2019eau en ions hydrog\u00e8nes. Le pH est compris entre 0 et 14 :<\/p>\n<p>\u2022 L\u2019eau est acide si le pH se situe entre 0 et 6,<br \/>\n\u2022 L\u2019eau est basique si le pH se situe entre 8 et 14,<br \/>\n\u2022 Aux alentours de 7, le pH est neutre.<\/p>\n<p>L\u2019eau d\u2019une piscine doit avoir un pH neutre, mais tout d\u00e9pend de l\u2019eau et des produits utilis\u00e9s.<\/p>\n<p>L\u2019eau de la piscine doit \u00eatre neutre ou l\u00e9g\u00e8rement basique. Le taux id\u00e9al admis est de 7,4. N\u00e9anmoins, ce taux d\u00e9pend :<\/p>\n<p>\u2022 de la duret\u00e9 de votre eau, donn\u00e9e en TH (Titre Hydrotim\u00e9trique) : selon la r\u00e9gion dans laquelle vous vivez, l\u2019eau n\u2019a pas la m\u00eame teneur en calcaire.<br \/>\n\u2022 des produits de traitement de l\u2019eau, notamment les d\u00e9sinfectants : pH et chlore peuvent interf\u00e9rer l\u2019un avec l\u2019autre, par exemple.<\/p>\n<p>Le pH doit \u00eatre ajust\u00e9 suivant ces param\u00e8tres, soit un peu en dessous, soit un peu au dessus de 7. Il conditionne l\u2019efficacit\u00e9 de vos traitements de l\u2019eau, ainsi que sa qualit\u00e9 et son \u00e9quilibre.<\/p>\n<p>Un pH mal \u00e9quilibr\u00e9 : les risques<\/p>\n<p>De nombreux facteurs peuvent faire varier le pH de l\u2019eau de votre piscine : la temp\u00e9rature ext\u00e9rieure, le dosage des produits de piscine, la fr\u00e9quentation de la piscine, etc. Un pH mal \u00e9quilibr\u00e9 peut occasionner diff\u00e9rentes g\u00eanes :<\/p>\n<p>\u2022 Changement de la couleur de l\u2019eau, qui n\u2019est donc plus totalement pure,<br \/>\n\u2022 Moins bonne efficacit\u00e9 des produits d\u00e9sinfectants,<br \/>\n\u2022 Irritation des yeux et de la peau,<br \/>\n\u2022 D\u00e9veloppement de calcaire ou d\u2019algues dans la piscine,<br \/>\n\u2022 D\u00e9t\u00e9rioration du mat\u00e9riel : fixations, rev\u00eatement, syst\u00e8me de filtration de l\u2019eau, etc.<\/p>\n<p>Pour pr\u00e9venir ces d\u00e9sagr\u00e9ments, pensez \u00e0 r\u00e9guli\u00e8rement contr\u00f4ler votre pH.<\/p>\n<p>V\u00e9rifiez le pH de l\u2019eau de votre piscine<\/p>\n<p>Il convient de v\u00e9rifier le pH de l\u2019eau au moins chaque semaine. Plusieurs techniques existent :<\/p>\n<p>\u2022 La plus simple est d\u2019utiliser un pH-m\u00e8tre \u00e9lectronique : vous le plongez dans l\u2019eau et lisez le r\u00e9sultat sur un petit \u00e9cran.<br \/>\n\u2022 Il existe \u00e9galement des testeurs de pH colorim\u00e9triques, sous forme de comprim\u00e9s, de r\u00e9actifs liquides ou de bandelettes test. L\u2019eau r\u00e9agit \u00e0 un produit particulier et une ou plusieurs couleurs apparaissent sur le testeur : ces couleurs vous indiquent le pH.<\/p>\n<p>Les tests doivent \u00eatre fait avec attention et pr\u00e9cision. Il convient d\u2019attendre le temps recommand\u00e9 et de ne rien faire qui fausserait les r\u00e9sultats :<\/p>\n<p>\u2022 Faites les tests pH au sec,<br \/>\n\u2022 Ne secouez pas les produits testeurs (bandelettes ou comprim\u00e9s),<br \/>\n\u2022 Ne les touchez pas avec les doigts,<br \/>\n\u2022 Ne laissez pas vos produits au soleil,<br \/>\n\u2022 N\u2019utilisez pas de testeurs p\u00e9rim\u00e9s : v\u00e9rifiez la date d\u2019expiration des produits.<\/p>\n<p>Si vous n\u2019\u00eates pas s\u00fbr du pH de votre piscine, il vaut mieux refaire un test. Il serait dommage d\u2019utiliser du correcteur de pH alors qu\u2019il n\u2019\u00e9tait pas n\u00e9cessaire de le faire.<\/p>\n<p>Corrigez le pH dans votre piscine<\/p>\n<p>Si le pH dans votre piscine n\u2019est pas correct, r\u00e9ajustez-le avec un produit sp\u00e9cifique :<\/p>\n<p>\u2022 Les produits pH+ sont utiles quand l\u2019eau est trop acide, c&#8217;est-\u00e0-dire que son pH est inf\u00e9rieur \u00e0 7.<br \/>\n\u2022 Si au contraire, votre eau est trop basique, r\u00e9gulez son taux de pH avec du pH-.<\/p>\n<p>Lisez bien les consignes d\u2019emploi avant d\u2019utiliser ce type de produit. Ajoutez-en en petites quantit\u00e9s et laissez agir quelques heures pour v\u00e9rifier si le pH s&#8217;est bien r\u00e9ajust\u00e9, avant d&#8217;en rajouter si besoin.<\/p>\n<p>Le pH peut parfois s\u2019ajuster tout seul, ou suite \u00e0 un traitement choc. Ne r\u00e9gulez son taux que si n\u00e9cessaire. Vous pouvez verser un correcteur d\u2019alcalinit\u00e9 dans l\u2019eau pour stabiliser le pH, si vous observez de trop fortes variations.<\/p>\n<p>Vous pouvez aussi installer une pompe pH, reli\u00e9e \u00e0 un r\u00e9gulateur qui ajuste automatiquement le pH. La pompe pH, ou pompe doseuse, maintient le pH de votre eau de piscine et vous \u00e9vite la manipulation de produits correcteurs de pH.<\/p>\n<p>Le pH est un param\u00e8tre important de l&#8217;eau de votre piscine, il est souvent responsable des diff\u00e9rents probl\u00e8mes d&#8217;eau trouble. C&#8217;est pourquoi, il est indispensable de le contr\u00f4ler r\u00e9guli\u00e8rement.<\/p>\n","protected":false},"excerpt":{"rendered":"<p>(PH +) Augmente le pH de l&#8217;eau. (carbonate de sodium)<\/p>\n","protected":false},"featured_media":1085,"template":"","meta":[],"product_brand":[],"product_cat":[157,109],"product_tag":[],"class_list":{"0":"post-2357","1":"product","2":"type-product","3":"status-publish","4":"has-post-thumbnail","6":"product_cat-water-balance-chemicals","7":"product_cat-spa-chemicals","9":"first","10":"instock","11":"taxable","12":"shipping-taxable","13":"purchasable","14":"product-type-simple"},"yoast_head":"<!-- This site is optimized with the Yoast SEO plugin v26.3 - https:\/\/yoast.com\/wordpress\/plugins\/seo\/ -->\n<title>pH + for spa (1 kg) | AquaMakina<\/title>\n<meta name=\"robots\" content=\"index, follow, max-snippet:-1, max-image-preview:large, max-video-preview:-1\" \/>\n<link rel=\"canonical\" href=\"https:\/\/aquamakina.ca\/en\/boutique\/ph-plus-spa\/\" \/>\n<meta property=\"og:locale\" content=\"en_US\" \/>\n<meta property=\"og:type\" content=\"article\" \/>\n<meta property=\"og:title\" content=\"pH + for spa (1 kg) | AquaMakina\" \/>\n<meta property=\"og:description\" content=\"(PH +) Augmente le pH de l&#039;eau. (carbonate de sodium)\" \/>\n<meta property=\"og:url\" content=\"https:\/\/aquamakina.ca\/en\/boutique\/ph-plus-spa\/\" \/>\n<meta property=\"og:site_name\" content=\"AquaMakina\" \/>\n<meta property=\"article:modified_time\" content=\"2018-04-30T17:49:01+00:00\" \/>\n<meta property=\"og:image\" content=\"https:\/\/aquamakina.ca\/wp-content\/uploads\/2018\/01\/69377-pHUp_2kg_xwd.jpg\" \/>\n\t<meta property=\"og:image:width\" content=\"1400\" \/>\n\t<meta property=\"og:image:height\" content=\"1400\" \/>\n\t<meta property=\"og:image:type\" content=\"image\/jpeg\" \/>\n<meta name=\"twitter:card\" content=\"summary_large_image\" \/>\n<meta name=\"twitter:label1\" content=\"Est. reading time\" \/>\n\t<meta name=\"twitter:data1\" content=\"4 minutes\" \/>\n<script type=\"application\/ld+json\" class=\"yoast-schema-graph\">{\"@context\":\"https:\/\/schema.org\",\"@graph\":[{\"@type\":\"WebPage\",\"@id\":\"https:\/\/aquamakina.ca\/en\/boutique\/ph-plus-spa\/\",\"url\":\"https:\/\/aquamakina.ca\/en\/boutique\/ph-plus-spa\/\",\"name\":\"pH + for spa (1 kg) | AquaMakina\",\"isPartOf\":{\"@id\":\"https:\/\/aquamakina.ca\/#website\"},\"primaryImageOfPage\":{\"@id\":\"https:\/\/aquamakina.ca\/en\/boutique\/ph-plus-spa\/#primaryimage\"},\"image\":{\"@id\":\"https:\/\/aquamakina.ca\/en\/boutique\/ph-plus-spa\/#primaryimage\"},\"thumbnailUrl\":\"http:\/\/15.156.204.92\/wp-content\/uploads\/2018\/01\/69377-pHUp_2kg_xwd.jpg\",\"datePublished\":\"2018-04-30T17:44:59+00:00\",\"dateModified\":\"2018-04-30T17:49:01+00:00\",\"breadcrumb\":{\"@id\":\"https:\/\/aquamakina.ca\/en\/boutique\/ph-plus-spa\/#breadcrumb\"},\"inLanguage\":\"en-US\",\"potentialAction\":[{\"@type\":\"ReadAction\",\"target\":[\"https:\/\/aquamakina.ca\/en\/boutique\/ph-plus-spa\/\"]}]},{\"@type\":\"ImageObject\",\"inLanguage\":\"en-US\",\"@id\":\"https:\/\/aquamakina.ca\/en\/boutique\/ph-plus-spa\/#primaryimage\",\"url\":\"http:\/\/15.156.204.92\/wp-content\/uploads\/2018\/01\/69377-pHUp_2kg_xwd.jpg\",\"contentUrl\":\"http:\/\/15.156.204.92\/wp-content\/uploads\/2018\/01\/69377-pHUp_2kg_xwd.jpg\",\"width\":1400,\"height\":1400},{\"@type\":\"BreadcrumbList\",\"@id\":\"https:\/\/aquamakina.ca\/en\/boutique\/ph-plus-spa\/#breadcrumb\",\"itemListElement\":[{\"@type\":\"ListItem\",\"position\":1,\"name\":\"Home\",\"item\":\"https:\/\/aquamakina.ca\/en\/\"},{\"@type\":\"ListItem\",\"position\":2,\"name\":\"Shop\",\"item\":\"https:\/\/aquamakina.ca\/en\/shop\/\"},{\"@type\":\"ListItem\",\"position\":3,\"name\":\"pH + for spa (1 kg)\"}]},{\"@type\":\"WebSite\",\"@id\":\"https:\/\/aquamakina.ca\/#website\",\"url\":\"https:\/\/aquamakina.ca\/\",\"name\":\"AquaMakina\",\"description\":\"Pool and spa supplies\",\"publisher\":{\"@id\":\"https:\/\/aquamakina.ca\/#organization\"},\"potentialAction\":[{\"@type\":\"SearchAction\",\"target\":{\"@type\":\"EntryPoint\",\"urlTemplate\":\"https:\/\/aquamakina.ca\/?s={search_term_string}\"},\"query-input\":{\"@type\":\"PropertyValueSpecification\",\"valueRequired\":true,\"valueName\":\"search_term_string\"}}],\"inLanguage\":\"en-US\"},{\"@type\":\"Organization\",\"@id\":\"https:\/\/aquamakina.ca\/#organization\",\"name\":\"AquaMakina\",\"url\":\"https:\/\/aquamakina.ca\/\",\"logo\":{\"@type\":\"ImageObject\",\"inLanguage\":\"en-US\",\"@id\":\"https:\/\/aquamakina.ca\/#\/schema\/logo\/image\/\",\"url\":\"http:\/\/15.156.204.92\/wp-content\/uploads\/2018\/04\/cropped-Logo-Aquamakina-340.png\",\"contentUrl\":\"http:\/\/15.156.204.92\/wp-content\/uploads\/2018\/04\/cropped-Logo-Aquamakina-340.png\",\"width\":340,\"height\":63,\"caption\":\"AquaMakina\"},\"image\":{\"@id\":\"https:\/\/aquamakina.ca\/#\/schema\/logo\/image\/\"}}]}<\/script>\n<!-- \/ Yoast SEO plugin. -->","yoast_head_json":{"title":"pH + for spa (1 kg) | AquaMakina","robots":{"index":"index","follow":"follow","max-snippet":"max-snippet:-1","max-image-preview":"max-image-preview:large","max-video-preview":"max-video-preview:-1"},"canonical":"https:\/\/aquamakina.ca\/en\/boutique\/ph-plus-spa\/","og_locale":"en_US","og_type":"article","og_title":"pH + for spa (1 kg) | AquaMakina","og_description":"(PH +) Augmente le pH de l'eau. (carbonate de sodium)","og_url":"https:\/\/aquamakina.ca\/en\/boutique\/ph-plus-spa\/","og_site_name":"AquaMakina","article_modified_time":"2018-04-30T17:49:01+00:00","og_image":[{"width":1400,"height":1400,"url":"https:\/\/aquamakina.ca\/wp-content\/uploads\/2018\/01\/69377-pHUp_2kg_xwd.jpg","type":"image\/jpeg"}],"twitter_card":"summary_large_image","twitter_misc":{"Est. reading time":"4 minutes"},"schema":{"@context":"https:\/\/schema.org","@graph":[{"@type":"WebPage","@id":"https:\/\/aquamakina.ca\/en\/boutique\/ph-plus-spa\/","url":"https:\/\/aquamakina.ca\/en\/boutique\/ph-plus-spa\/","name":"pH + for spa (1 kg) | AquaMakina","isPartOf":{"@id":"https:\/\/aquamakina.ca\/#website"},"primaryImageOfPage":{"@id":"https:\/\/aquamakina.ca\/en\/boutique\/ph-plus-spa\/#primaryimage"},"image":{"@id":"https:\/\/aquamakina.ca\/en\/boutique\/ph-plus-spa\/#primaryimage"},"thumbnailUrl":"http:\/\/15.156.204.92\/wp-content\/uploads\/2018\/01\/69377-pHUp_2kg_xwd.jpg","datePublished":"2018-04-30T17:44:59+00:00","dateModified":"2018-04-30T17:49:01+00:00","breadcrumb":{"@id":"https:\/\/aquamakina.ca\/en\/boutique\/ph-plus-spa\/#breadcrumb"},"inLanguage":"en-US","potentialAction":[{"@type":"ReadAction","target":["https:\/\/aquamakina.ca\/en\/boutique\/ph-plus-spa\/"]}]},{"@type":"ImageObject","inLanguage":"en-US","@id":"https:\/\/aquamakina.ca\/en\/boutique\/ph-plus-spa\/#primaryimage","url":"http:\/\/15.156.204.92\/wp-content\/uploads\/2018\/01\/69377-pHUp_2kg_xwd.jpg","contentUrl":"http:\/\/15.156.204.92\/wp-content\/uploads\/2018\/01\/69377-pHUp_2kg_xwd.jpg","width":1400,"height":1400},{"@type":"BreadcrumbList","@id":"https:\/\/aquamakina.ca\/en\/boutique\/ph-plus-spa\/#breadcrumb","itemListElement":[{"@type":"ListItem","position":1,"name":"Home","item":"https:\/\/aquamakina.ca\/en\/"},{"@type":"ListItem","position":2,"name":"Shop","item":"https:\/\/aquamakina.ca\/en\/shop\/"},{"@type":"ListItem","position":3,"name":"pH + for spa (1 kg)"}]},{"@type":"WebSite","@id":"https:\/\/aquamakina.ca\/#website","url":"https:\/\/aquamakina.ca\/","name":"AquaMakina","description":"Pool and spa supplies","publisher":{"@id":"https:\/\/aquamakina.ca\/#organization"},"potentialAction":[{"@type":"SearchAction","target":{"@type":"EntryPoint","urlTemplate":"https:\/\/aquamakina.ca\/?s={search_term_string}"},"query-input":{"@type":"PropertyValueSpecification","valueRequired":true,"valueName":"search_term_string"}}],"inLanguage":"en-US"},{"@type":"Organization","@id":"https:\/\/aquamakina.ca\/#organization","name":"AquaMakina","url":"https:\/\/aquamakina.ca\/","logo":{"@type":"ImageObject","inLanguage":"en-US","@id":"https:\/\/aquamakina.ca\/#\/schema\/logo\/image\/","url":"http:\/\/15.156.204.92\/wp-content\/uploads\/2018\/04\/cropped-Logo-Aquamakina-340.png","contentUrl":"http:\/\/15.156.204.92\/wp-content\/uploads\/2018\/04\/cropped-Logo-Aquamakina-340.png","width":340,"height":63,"caption":"AquaMakina"},"image":{"@id":"https:\/\/aquamakina.ca\/#\/schema\/logo\/image\/"}}]}},"_links":{"self":[{"href":"http:\/\/15.156.204.92\/en\/wp-json\/wp\/v2\/product\/2357","targetHints":{"allow":["GET"]}}],"collection":[{"href":"http:\/\/15.156.204.92\/en\/wp-json\/wp\/v2\/product"}],"about":[{"href":"http:\/\/15.156.204.92\/en\/wp-json\/wp\/v2\/types\/product"}],"wp:featuredmedia":[{"embeddable":true,"href":"http:\/\/15.156.204.92\/en\/wp-json\/wp\/v2\/media\/1085"}],"wp:attachment":[{"href":"http:\/\/15.156.204.92\/en\/wp-json\/wp\/v2\/media?parent=2357"}],"wp:term":[{"taxonomy":"product_brand","embeddable":true,"href":"http:\/\/15.156.204.92\/en\/wp-json\/wp\/v2\/product_brand?post=2357"},{"taxonomy":"product_cat","embeddable":true,"href":"http:\/\/15.156.204.92\/en\/wp-json\/wp\/v2\/product_cat?post=2357"},{"taxonomy":"product_tag","embeddable":true,"href":"http:\/\/15.156.204.92\/en\/wp-json\/wp\/v2\/product_tag?post=2357"}],"curies":[{"name":"wp","href":"https:\/\/api.w.org\/{rel}","templated":true}]}}